{"id":357,"date":"2026-05-05T17:42:49","date_gmt":"2026-05-05T17:42:49","guid":{"rendered":"https:\/\/yuzuhouse.fi\/?page_id=357"},"modified":"2026-05-05T17:42:49","modified_gmt":"2026-05-05T17:42:49","slug":"nora-paprika","status":"publish","type":"page","link":"https:\/\/yuzuhouse.fi\/?page_id=357","title":{"rendered":"\u00d1ora-paprika"},"content":{"rendered":"\n<p>Mik\u00e4 on \u00d1ora?<\/p>\n\n\n\n<p>\u00d1ora on pieni, py\u00f6re\u00e4 ja voimakkaan punainen paprika, joka kuivataan hitaasti. Se on <strong>Alicanten ja Murcian keitti\u00f6n sielu<\/strong>. Toisin kuin maustepaprika yleens\u00e4, \u00f1oraa ei k\u00e4ytet\u00e4 tulisuuden vuoksi, vaan se antaa ruoalle syv\u00e4n punaisen v\u00e4rin ja ainutlaatuisen, makean aromin.<\/p>\n\n\n\n<h3 class=\"wp-block-heading\">Myyntivaltit ja k\u00e4ytt\u00f6kohteet:<\/h3>\n\n\n\n<p><strong>Valmistusvinkki:<\/strong> Kuivattuja paprikoita liotetaan vedess\u00e4, mink\u00e4 j\u00e4lkeen niiden sis\u00e4puolelta kaavitaan lusikalla talteen paksu, punainen massa (<em>pulpa de \u00f1ora<\/em>).<br><br><strong>Tuotetiedot<\/strong><br><br><strong>Tuotenimi<\/strong><br>Vega Baja Selection \u2013 Artesaaninen \u00d1ora<br><strong>Alkuper\u00e4<\/strong><br>Guardamar del Segura \/ Vega Baja, Alicante<br><strong>Lajike<\/strong><br><em>Capsicum annuum<\/em> (py\u00f6re\u00e4 kirsikkapaprika)<br><strong>Prosessi<\/strong><br>Luonnollinen aurinkokuivaus hiekkadyyneill\u00e4 tai kuivureissa<br><strong>Pakkauskoko<\/strong><br>50 g pussi (kokonaiset) tai 100 g purkki (liha\/massa)<br><strong>Makuprofiili<\/strong><br>Makea, t\u00e4ytel\u00e4inen, maanl\u00e4heinen; ei tulinen<br><strong>S\u00e4ilyvyys<\/strong><br>18 kk, s\u00e4ilytys kuivassa ja viile\u00e4ss\u00e4<\/p>\n\n\n\n<p><strong>Autenttinen Paella-aines:<\/strong> \u00d1ora on avainaines aidossa alicantelaisessa paellassa ja <em>Arroz a banda<\/em> -riisiruoissa.<\/p>\n\n\n\n<p><strong>Gastronominen monipuolisuus:<\/strong> * <strong>Salsat:<\/strong> Olennainen osa kuuluisaa <em>Romesco<\/em>-kastiketta.<\/p>\n\n\n\n<p><strong>Padat ja keitot:<\/strong> Antaa samettisen rakenteen ja maun kalakeittoihin ja lihapatoihin.<\/p>\n","protected":false},"excerpt":{"rendered":"<p>Mik\u00e4 on \u00d1ora? \u00d1ora on pieni, py\u00f6re\u00e4 ja voimakkaan punainen paprika, joka kuivataan hitaasti. Se on Alicanten ja Murcian keitti\u00f6n sielu. Toisin kuin maustepaprika yleens\u00e4, \u00f1oraa ei k\u00e4ytet\u00e4 tulisuuden vuoksi, vaan se antaa ruoalle syv\u00e4n punaisen v\u00e4rin ja ainutlaatuisen, makean aromin. Myyntivaltit ja k\u00e4ytt\u00f6kohteet: Valmistusvinkki: Kuivattuja paprikoita liotetaan vedess\u00e4, mink\u00e4 j\u00e4lkeen niiden sis\u00e4puolelta kaavitaan lusikalla [&hellip;]<\/p>\n","protected":false},"author":1,"featured_media":0,"parent":0,"menu_order":0,"comment_status":"closed","ping_status":"closed","template":"","meta":{"footnotes":""},"class_list":["post-357","page","type-page","status-publish","hentry"],"_links":{"self":[{"href":"https:\/\/yuzuhouse.fi\/index.php?rest_route=\/wp\/v2\/pages\/357","targetHints":{"allow":["GET"]}}],"collection":[{"href":"https:\/\/yuzuhouse.fi\/index.php?rest_route=\/wp\/v2\/pages"}],"about":[{"href":"https:\/\/yuzuhouse.fi\/index.php?rest_route=\/wp\/v2\/types\/page"}],"author":[{"embeddable":true,"href":"https:\/\/yuzuhouse.fi\/index.php?rest_route=\/wp\/v2\/users\/1"}],"replies":[{"embeddable":true,"href":"https:\/\/yuzuhouse.fi\/index.php?rest_route=%2Fwp%2Fv2%2Fcomments&post=357"}],"version-history":[{"count":1,"href":"https:\/\/yuzuhouse.fi\/index.php?rest_route=\/wp\/v2\/pages\/357\/revisions"}],"predecessor-version":[{"id":358,"href":"https:\/\/yuzuhouse.fi\/index.php?rest_route=\/wp\/v2\/pages\/357\/revisions\/358"}],"wp:attachment":[{"href":"https:\/\/yuzuhouse.fi\/index.php?rest_route=%2Fwp%2Fv2%2Fmedia&parent=357"}],"curies":[{"name":"wp","href":"https:\/\/api.w.org\/{rel}","templated":true}]}}