{"id":263,"date":"2026-01-06T11:25:37","date_gmt":"2026-01-06T11:25:37","guid":{"rendered":"https:\/\/yuzuhouse.fi\/?page_id=263"},"modified":"2026-01-11T17:52:06","modified_gmt":"2026-01-11T17:52:06","slug":"sailykkeet","status":"publish","type":"page","link":"https:\/\/yuzuhouse.fi\/?page_id=263","title":{"rendered":"S\u00c4ILYKKEET"},"content":{"rendered":"\n<p><\/p>\n\n\n\n<p>Meilt\u00e4 l\u00f6ytyy iso valikoima Suomessa valmistettuja s\u00e4ilykkeit\u00e4.<\/p>\n\n\n\n<ul class=\"wp-block-list\">\n<li>2,9\/1,6kg Chilimaustekurkku<\/li>\n\n\n\n<li>2,9\/1,6kg Kotimaustekurkku<\/li>\n\n\n\n<li>2,9\/1,6kg Valkosipulimaustekurkku SUOSITUIN<\/li>\n<\/ul>\n","protected":false},"excerpt":{"rendered":"<p>Meilt\u00e4 l\u00f6ytyy iso valikoima Suomessa valmistettuja s\u00e4ilykkeit\u00e4.<\/p>\n","protected":false},"author":1,"featured_media":0,"parent":0,"menu_order":0,"comment_status":"closed","ping_status":"closed","template":"","meta":{"footnotes":""},"class_list":["post-263","page","type-page","status-publish","hentry"],"_links":{"self":[{"href":"https:\/\/yuzuhouse.fi\/index.php?rest_route=\/wp\/v2\/pages\/263","targetHints":{"allow":["GET"]}}],"collection":[{"href":"https:\/\/yuzuhouse.fi\/index.php?rest_route=\/wp\/v2\/pages"}],"about":[{"href":"https:\/\/yuzuhouse.fi\/index.php?rest_route=\/wp\/v2\/types\/page"}],"author":[{"embeddable":true,"href":"https:\/\/yuzuhouse.fi\/index.php?rest_route=\/wp\/v2\/users\/1"}],"replies":[{"embeddable":true,"href":"https:\/\/yuzuhouse.fi\/index.php?rest_route=%2Fwp%2Fv2%2Fcomments&post=263"}],"version-history":[{"count":3,"href":"https:\/\/yuzuhouse.fi\/index.php?rest_route=\/wp\/v2\/pages\/263\/revisions"}],"predecessor-version":[{"id":276,"href":"https:\/\/yuzuhouse.fi\/index.php?rest_route=\/wp\/v2\/pages\/263\/revisions\/276"}],"wp:attachment":[{"href":"https:\/\/yuzuhouse.fi\/index.php?rest_route=%2Fwp%2Fv2%2Fmedia&parent=263"}],"curies":[{"name":"wp","href":"https:\/\/api.w.org\/{rel}","templated":true}]}}