{"id":211,"date":"2026-01-03T13:50:43","date_gmt":"2026-01-03T13:50:43","guid":{"rendered":"https:\/\/yuzuhouse.fi\/?page_id=211"},"modified":"2026-01-03T13:50:43","modified_gmt":"2026-01-03T13:50:43","slug":"luomumehut","status":"publish","type":"page","link":"https:\/\/yuzuhouse.fi\/?page_id=211","title":{"rendered":"Luomumehut"},"content":{"rendered":"\n<p>L\u00f6yd\u00e4t poikkeuksellisia tuotteita my\u00f6s tiedostavimmille kuluttajille. N\u00e4m\u00e4 ovat 100%-puristettuja mehuja sertifioidulta luomuviljelylt\u00e4 per\u00e4isin olevista hedelmist\u00e4, ilman lis\u00e4tty\u00e4 sokeria, s\u00e4il\u00f6nt\u00e4aineita tai tiivistett\u00e4. Jos etsit makua suoraan luonnosta, jonka riippumaton tarkastus on varmistanut, olet oikeassa paikassa.<\/p>\n\n\n\n<ul class=\"wp-block-list\"><\/ul>\n\n\n\n<ul class=\"wp-block-list\">\n<li>Aroniamehu 3L 100% puristettu ECO<\/li>\n\n\n\n<li>Tyrnimehu 3L Luonnonmukaisesti Puristettu ECO<\/li>\n\n\n\n<li>Luomu omenamehu 3L punaisista lajikkeista<\/li>\n\n\n\n<li>Omenamehu punaisella hedelm\u00e4lihalla 750ml LUOMU<\/li>\n<\/ul>\n","protected":false},"excerpt":{"rendered":"<p>L\u00f6yd\u00e4t poikkeuksellisia tuotteita my\u00f6s tiedostavimmille kuluttajille. N\u00e4m\u00e4 ovat 100%-puristettuja mehuja sertifioidulta luomuviljelylt\u00e4 per\u00e4isin olevista hedelmist\u00e4, ilman lis\u00e4tty\u00e4 sokeria, s\u00e4il\u00f6nt\u00e4aineita tai tiivistett\u00e4. Jos etsit makua suoraan luonnosta, jonka riippumaton tarkastus on varmistanut, olet oikeassa paikassa.<\/p>\n","protected":false},"author":1,"featured_media":0,"parent":0,"menu_order":0,"comment_status":"closed","ping_status":"closed","template":"","meta":{"footnotes":""},"class_list":["post-211","page","type-page","status-publish","hentry"],"_links":{"self":[{"href":"https:\/\/yuzuhouse.fi\/index.php?rest_route=\/wp\/v2\/pages\/211","targetHints":{"allow":["GET"]}}],"collection":[{"href":"https:\/\/yuzuhouse.fi\/index.php?rest_route=\/wp\/v2\/pages"}],"about":[{"href":"https:\/\/yuzuhouse.fi\/index.php?rest_route=\/wp\/v2\/types\/page"}],"author":[{"embeddable":true,"href":"https:\/\/yuzuhouse.fi\/index.php?rest_route=\/wp\/v2\/users\/1"}],"replies":[{"embeddable":true,"href":"https:\/\/yuzuhouse.fi\/index.php?rest_route=%2Fwp%2Fv2%2Fcomments&post=211"}],"version-history":[{"count":1,"href":"https:\/\/yuzuhouse.fi\/index.php?rest_route=\/wp\/v2\/pages\/211\/revisions"}],"predecessor-version":[{"id":212,"href":"https:\/\/yuzuhouse.fi\/index.php?rest_route=\/wp\/v2\/pages\/211\/revisions\/212"}],"wp:attachment":[{"href":"https:\/\/yuzuhouse.fi\/index.php?rest_route=%2Fwp%2Fv2%2Fmedia&parent=211"}],"curies":[{"name":"wp","href":"https:\/\/api.w.org\/{rel}","templated":true}]}}