{"id":189,"date":"2026-01-01T14:34:37","date_gmt":"2026-01-01T14:34:37","guid":{"rendered":"https:\/\/yuzuhouse.fi\/?page_id=189"},"modified":"2026-05-05T08:01:37","modified_gmt":"2026-05-05T08:01:37","slug":"kahvipavut-1kg-2kg-ja-5kg","status":"publish","type":"page","link":"https:\/\/yuzuhouse.fi\/?page_id=189","title":{"rendered":"Artisokan syd\u00e4met"},"content":{"rendered":"\n<p><strong>&#8221;Laakson jalokivi&#8221;<\/strong> Vega Baja del Segura on maailmanlaajuisesti kuuluisa artisokistaan. Poimimme vain parhaat, mureimmat syd\u00e4met, jotka s\u00e4il\u00f6t\u00e4\u00e4n v\u00e4litt\u00f6m\u00e4sti sadonkorjuun j\u00e4lkeen.<\/p>\n\n\n\n<ul class=\"wp-block-list\">\n<li><strong>K\u00e4ytt\u00f6vinkki:<\/strong> Lis\u00e4\u00e4 salaatteihin, nauti sellaisenaan oliivi\u00f6ljyn ja sormisuolan kanssa tai osana tapas-lautasta.<\/li>\n\n\n\n<li><strong>Ominaisuus:<\/strong> Alueellinen erikoistuote, jolla on ainutlaatuinen koostumus.<\/li>\n<\/ul>\n\n\n\n<div class=\"wp-block-columns is-layout-flex wp-container-core-columns-is-layout-28f84493 wp-block-columns-is-layout-flex\">\n<div class=\"wp-block-column is-layout-flow wp-block-column-is-layout-flow\"><\/div>\n<\/div>\n","protected":false},"excerpt":{"rendered":"<p>&#8221;Laakson jalokivi&#8221; Vega Baja del Segura on maailmanlaajuisesti kuuluisa artisokistaan. Poimimme vain parhaat, mureimmat syd\u00e4met, jotka s\u00e4il\u00f6t\u00e4\u00e4n v\u00e4litt\u00f6m\u00e4sti sadonkorjuun j\u00e4lkeen.<\/p>\n","protected":false},"author":1,"featured_media":0,"parent":0,"menu_order":0,"comment_status":"closed","ping_status":"closed","template":"","meta":{"footnotes":""},"class_list":["post-189","page","type-page","status-publish","hentry"],"_links":{"self":[{"href":"https:\/\/yuzuhouse.fi\/index.php?rest_route=\/wp\/v2\/pages\/189","targetHints":{"allow":["GET"]}}],"collection":[{"href":"https:\/\/yuzuhouse.fi\/index.php?rest_route=\/wp\/v2\/pages"}],"about":[{"href":"https:\/\/yuzuhouse.fi\/index.php?rest_route=\/wp\/v2\/types\/page"}],"author":[{"embeddable":true,"href":"https:\/\/yuzuhouse.fi\/index.php?rest_route=\/wp\/v2\/users\/1"}],"replies":[{"embeddable":true,"href":"https:\/\/yuzuhouse.fi\/index.php?rest_route=%2Fwp%2Fv2%2Fcomments&post=189"}],"version-history":[{"count":2,"href":"https:\/\/yuzuhouse.fi\/index.php?rest_route=\/wp\/v2\/pages\/189\/revisions"}],"predecessor-version":[{"id":325,"href":"https:\/\/yuzuhouse.fi\/index.php?rest_route=\/wp\/v2\/pages\/189\/revisions\/325"}],"wp:attachment":[{"href":"https:\/\/yuzuhouse.fi\/index.php?rest_route=%2Fwp%2Fv2%2Fmedia&parent=189"}],"curies":[{"name":"wp","href":"https:\/\/api.w.org\/{rel}","templated":true}]}}